{"id":2781,"date":"2016-01-29T10:24:10","date_gmt":"2016-01-29T10:24:10","guid":{"rendered":"https:\/\/www.maraloe.ch\/chi-sono\/"},"modified":"2019-03-15T09:35:56","modified_gmt":"2019-03-15T09:35:56","slug":"ueber-mich","status":"publish","type":"page","link":"https:\/\/www.maraloe.ch\/de\/ueber-mich\/","title":{"rendered":"\u00dcber mich"},"content":{"rendered":"<div class=\"wpb-content-wrapper\"><p>[vc_row equal_height=&#8220;yes&#8220; content_placement=&#8220;middle&#8220; type=&#8220;vc_default&#8220; margin_top=&#8220;10&#8243; margin_bottom=&#8220;25&#8243; css=&#8220;.vc_custom_1490526340467{padding-top: 70px !important;padding-bottom: 20px !important;}&#8220;][vc_column css_animation=&#8220;fadeInLeft&#8220; width=&#8220;1\/2&#8243; css=&#8220;.vc_custom_1548255469643{padding-bottom: 50px !important;}&#8220; offset=&#8220;vc_col-lg-offset-0 vc_col-md-offset-0 vc_col-sm-offset-0&#8243;]<style type=\"text\/css\" data-type=\"the7_shortcodes-inline-css\">.shortcode-single-image-wrap.shortcode-single-image-8dd4c6280c65b59fe93859f3208b785f.enable-bg-rollover .rollover i,\n.shortcode-single-image-wrap.shortcode-single-image-8dd4c6280c65b59fe93859f3208b785f.enable-bg-rollover .rollover-video i {\n  background: -webkit-linear-gradient();\n  background: linear-gradient();\n}\n.shortcode-single-image-wrap.shortcode-single-image-8dd4c6280c65b59fe93859f3208b785f .rollover-icon {\n  font-size: 32px;\n  color: #ffffff;\n  min-width: 44px;\n  min-height: 44px;\n  line-height: 44px;\n  border-radius: 100px;\n  border-style: solid;\n  border-width: 0px;\n}\n.dt-icon-bg-on.shortcode-single-image-wrap.shortcode-single-image-8dd4c6280c65b59fe93859f3208b785f .rollover-icon {\n  background: rgba(255,255,255,0.3);\n  box-shadow: none;\n}<\/style><div class=\"shortcode-single-image-wrap shortcode-single-image-8dd4c6280c65b59fe93859f3208b785f alignnone  enable-bg-rollover dt-icon-bg-off\" style=\"margin-top:0px; margin-bottom:0px; margin-left:0px; margin-right:0px; width:700px;\"><div class=\"shortcode-single-image\"><div class=\"fancy-media-wrap  layzr-bg\" style=\"\"><img fetchpriority=\"high\" decoding=\"async\" class=\"preload-me lazy-load aspect\" src=\"data:image\/svg+xml,%3Csvg%20xmlns%3D&#39;http%3A%2F%2Fwww.w3.org%2F2000%2Fsvg&#39;%20viewBox%3D&#39;0%200%20700%20700&#39;%2F%3E\" data-src=\"https:\/\/www.maraloe.ch\/wp-content\/uploads\/2018\/12\/mara-guglielmin-700x700.jpg\" data-srcset=\"https:\/\/www.maraloe.ch\/wp-content\/uploads\/2018\/12\/mara-guglielmin-700x700.jpg 700w, https:\/\/www.maraloe.ch\/wp-content\/uploads\/2018\/12\/mara-guglielmin.jpg 742w\" loading=\"eager\" sizes=\"(max-width: 700px) 100vw, 700px\" width=\"700\" height=\"700\"  data-dt-location=\"https:\/\/www.maraloe.ch\/de\/prodotti-aloe-vera\/mara-guglielmin\/\" style=\"--ratio: 700 \/ 700;\" alt=\"\" \/><\/div><\/div><\/div>[\/vc_column][vc_column css_animation=&#8220;fadeInRight&#8220; width=&#8220;1\/2&#8243; css=&#8220;.vc_custom_1548255476105{padding-bottom: 50px !important;}&#8220;]<div id=\"ultimate-heading-372869f5d7b627c94\" class=\"uvc-heading ult-adjust-bottom-margin ultimate-heading-372869f5d7b627c94 uvc-9188 color-title accent-title-color\" data-hspacer=\"no_spacer\"  data-halign=\"left\" style=\"text-align:left\"><div class=\"uvc-heading-spacer no_spacer\" style=\"top\"><\/div><div class=\"uvc-main-heading ult-responsive\"  data-ultimate-target='.uvc-heading.ultimate-heading-372869f5d7b627c94 h2'  data-responsive-json-new='{\"font-size\":\"desktop:20px;\",\"line-height\":\"desktop:30px;\"}' ><h2 style=\"font-weight:bold;margin-bottom:5px;\">Mara<\/h2><\/div><div class=\"uvc-sub-heading ult-responsive\"  data-ultimate-target='.uvc-heading.ultimate-heading-372869f5d7b627c94 .uvc-sub-heading '  data-responsive-json-new='{\"font-size\":\"desktop:26px;\",\"line-height\":\"desktop:36px;\"}'  style=\"font-family:&#039;Source Sans Pro&#039;;font-weight:700;margin-bottom:30px;\">Guglielmin<\/div><\/div>[vc_column_text css=&#8220;.vc_custom_1547210824810{padding-bottom: 30px !important;}&#8220;]<\/p>\n<p class=\"font_8\">Hallo! Mein Name ist Mara, ich bin gl\u00fccklich verheiratet mit meinem Mann Luca und Mutter von 3 wunderbaren Kindern: Denise, Mirko und Thomas.\u00a0Ich bin ausgebildete Pharma-Assistentin und habe knapp 20 Jahre in diesem Beruf gearbeitet, bevor ich mich ganz meiner Familie widmete.<\/p>\n<p class=\"font_8\"><strong><span class=\"color_14\"><span class=\"s4\">Ich bin als Unternehmerin f\u00fcr <\/span><span class=\"s4\">Forever<\/span><span class=\"s4\"> t\u00e4tig, einem weltweit f\u00fchrenden Hersteller von Aloe Vera Produkten.<\/span><\/span><\/strong><\/p>\n<p>[\/vc_column_text]<div class=\"standard-arrow bullet-top\"><p>St\u00e4rken:<\/p>\n<ul>\n<li>\n<div class=\"page\" title=\"Page 6\">\n<div class=\"layoutArea\">\n<div class=\"column\">\n<p>Empathisch<\/p>\n<\/div>\n<\/div>\n<\/div>\n<\/li>\n<li>\n<p class=\"s2\"><span class=\"s4\">Offen f\u00fcr neue Herausforderungen<\/span><\/p>\n<\/li>\n<li>\n<p class=\"s2\"><span class=\"s4\">Positiv<\/span><\/p>\n<\/li>\n<li>\n<p class=\"s2\"><span class=\"s4\">Zielorientiert<\/span><\/p>\n<\/li>\n<li>\n<p class=\"s2\"><span class=\"s4\">Professionell<\/span><\/p>\n<\/li>\n<\/ul>\n<\/div>[\/vc_column][\/vc_row][vc_row equal_height=&#8220;yes&#8220; content_placement=&#8220;middle&#8220; type=&#8220;vc_default&#8220; css=&#8220;.vc_custom_1490526291490{padding-bottom: 20px !important;}&#8220;][vc_column css_animation=&#8220;fadeInRight&#8220; width=&#8220;1\/2&#8243; offset=&#8220;vc_col-lg-offset-0 vc_hidden-lg vc_col-md-offset-0 vc_hidden-md vc_col-sm-offset-0 vc_hidden-sm&#8220; css=&#8220;.vc_custom_1548255489158{padding-bottom: 50px !important;}&#8220;]<style type=\"text\/css\" data-type=\"the7_shortcodes-inline-css\">.shortcode-single-image-wrap.shortcode-single-image-53289546ce90e8b679359db86f607a50.enable-bg-rollover .rollover i,\n.shortcode-single-image-wrap.shortcode-single-image-53289546ce90e8b679359db86f607a50.enable-bg-rollover .rollover-video i {\n  background: -webkit-linear-gradient();\n  background: linear-gradient();\n}\n.shortcode-single-image-wrap.shortcode-single-image-53289546ce90e8b679359db86f607a50 .rollover-icon {\n  font-size: 32px;\n  color: #ffffff;\n  min-width: 44px;\n  min-height: 44px;\n  line-height: 44px;\n  border-radius: 100px;\n  border-style: solid;\n  border-width: 0px;\n}\n.dt-icon-bg-on.shortcode-single-image-wrap.shortcode-single-image-53289546ce90e8b679359db86f607a50 .rollover-icon {\n  background: rgba(255,255,255,0.3);\n  box-shadow: none;\n}<\/style><div class=\"shortcode-single-image-wrap shortcode-single-image-53289546ce90e8b679359db86f607a50 alignnone  enable-bg-rollover dt-icon-bg-off\" style=\"margin-top:0px; margin-bottom:0px; margin-left:0px; margin-right:0px; width:700px;\"><div class=\"shortcode-single-image\"><div class=\"fancy-media-wrap  layzr-bg\" style=\"\"><img decoding=\"async\" class=\"preload-me lazy-load aspect\" src=\"data:image\/svg+xml,%3Csvg%20xmlns%3D&#39;http%3A%2F%2Fwww.w3.org%2F2000%2Fsvg&#39;%20viewBox%3D&#39;0%200%20700%20700&#39;%2F%3E\" data-src=\"https:\/\/www.maraloe.ch\/wp-content\/uploads\/2018\/12\/C9-700x700.jpg\" data-srcset=\"https:\/\/www.maraloe.ch\/wp-content\/uploads\/2018\/12\/C9-700x700.jpg 700w, https:\/\/www.maraloe.ch\/wp-content\/uploads\/2018\/12\/C9.jpg 1008w\" loading=\"eager\" sizes=\"(max-width: 700px) 100vw, 700px\" width=\"700\" height=\"700\"  data-dt-location=\"https:\/\/www.maraloe.ch\/de\/chi-sono\/c9\/\" style=\"--ratio: 700 \/ 700;\" alt=\"\" \/><\/div><\/div><\/div>[\/vc_column][vc_column css_animation=&#8220;fadeInLeft&#8220; width=&#8220;1\/2&#8243; css=&#8220;.vc_custom_1548255506520{padding-bottom: 50px !important;}&#8220;]<div id=\"ultimate-heading-743669f5d7b628c47\" class=\"uvc-heading ult-adjust-bottom-margin ultimate-heading-743669f5d7b628c47 uvc-9011 color-title accent-title-color\" data-hspacer=\"no_spacer\"  data-halign=\"left\" style=\"text-align:left\"><div class=\"uvc-heading-spacer no_spacer\" style=\"top\"><\/div><div class=\"uvc-main-heading ult-responsive\"  data-ultimate-target='.uvc-heading.ultimate-heading-743669f5d7b628c47 h2'  data-responsive-json-new='{\"font-size\":\"desktop:20px;\",\"line-height\":\"desktop:30px;\"}' ><h2 style=\"font-weight:bold;margin-bottom:5px;\">Gestiegene Energie<\/h2><\/div><div class=\"uvc-sub-heading ult-responsive\"  data-ultimate-target='.uvc-heading.ultimate-heading-743669f5d7b628c47 .uvc-sub-heading '  data-responsive-json-new='{\"font-size\":\"desktop:26px;\",\"line-height\":\"desktop:36px;\"}'  style=\"font-family:&#039;Source Sans Pro&#039;;font-weight:700;margin-bottom:30px;\"><\/p>\n<div class=\"page\" title=\"Page 7\">\n<div class=\"layoutArea\">\n<div class=\"column\">\n<p>Leichtigkeit und allgemeines Wohlbefinden<\/p>\n<\/div>\n<\/div>\n<\/div>\n<p><\/div><\/div>[vc_column_text css=&#8220;.vc_custom_1547210894156{padding-bottom: 30px !important;}&#8220;]<span class=\"s4\">Wie bei den meisten Lebensereignissen geschah auch das Treffen mit <\/span><span class=\"s4\">Forever<\/span><span class=\"s4\"> fast zuf\u00e4llig. Eines Tages schlug mir ein lieber Freund vor, ein Entgiftungsprogramm namens Clean9 (C9) auszuprobieren.<\/span><\/p>\n<p>Diese Entdeckung hat mein Leben buchst\u00e4blich ver\u00e4ndert; seit langer Zeit litt ich an starken Bauch- und Darmschmerzen, die meine t\u00e4glichen Aktivit\u00e4ten stark einschr\u00e4nkten. Nach nur 9 Tagen wichen die Schmerzen anderen Empfindungen wie gestiegener Energie, Leichtigkeit und allgemeinem Wohlbefinden.[\/vc_column_text][\/vc_column][vc_column css_animation=&#8220;fadeInRight&#8220; width=&#8220;1\/2&#8243; css=&#8220;.vc_custom_1548255497846{padding-bottom: 50px !important;}&#8220; offset=&#8220;vc_col-lg-offset-0 vc_col-md-offset-0 vc_col-sm-offset-0 vc_hidden-xs&#8220;]<style type=\"text\/css\" data-type=\"the7_shortcodes-inline-css\">.shortcode-single-image-wrap.shortcode-single-image-53289546ce90e8b679359db86f607a50.enable-bg-rollover .rollover i,\n.shortcode-single-image-wrap.shortcode-single-image-53289546ce90e8b679359db86f607a50.enable-bg-rollover .rollover-video i {\n  background: -webkit-linear-gradient();\n  background: linear-gradient();\n}\n.shortcode-single-image-wrap.shortcode-single-image-53289546ce90e8b679359db86f607a50 .rollover-icon {\n  font-size: 32px;\n  color: #ffffff;\n  min-width: 44px;\n  min-height: 44px;\n  line-height: 44px;\n  border-radius: 100px;\n  border-style: solid;\n  border-width: 0px;\n}\n.dt-icon-bg-on.shortcode-single-image-wrap.shortcode-single-image-53289546ce90e8b679359db86f607a50 .rollover-icon {\n  background: rgba(255,255,255,0.3);\n  box-shadow: none;\n}<\/style><div class=\"shortcode-single-image-wrap shortcode-single-image-53289546ce90e8b679359db86f607a50 alignnone  enable-bg-rollover dt-icon-bg-off\" style=\"margin-top:0px; margin-bottom:0px; margin-left:0px; margin-right:0px; width:700px;\"><div class=\"shortcode-single-image\"><div class=\"fancy-media-wrap  layzr-bg\" style=\"\"><img decoding=\"async\" class=\"preload-me lazy-load aspect\" src=\"data:image\/svg+xml,%3Csvg%20xmlns%3D&#39;http%3A%2F%2Fwww.w3.org%2F2000%2Fsvg&#39;%20viewBox%3D&#39;0%200%20700%20700&#39;%2F%3E\" data-src=\"https:\/\/www.maraloe.ch\/wp-content\/uploads\/2018\/12\/C9-700x700.jpg\" data-srcset=\"https:\/\/www.maraloe.ch\/wp-content\/uploads\/2018\/12\/C9-700x700.jpg 700w, https:\/\/www.maraloe.ch\/wp-content\/uploads\/2018\/12\/C9.jpg 1008w\" loading=\"eager\" sizes=\"(max-width: 700px) 100vw, 700px\" width=\"700\" height=\"700\"  data-dt-location=\"https:\/\/www.maraloe.ch\/de\/chi-sono\/c9\/\" style=\"--ratio: 700 \/ 700;\" alt=\"\" \/><\/div><\/div><\/div>[\/vc_column][\/vc_row][vc_row equal_height=&#8220;yes&#8220; content_placement=&#8220;middle&#8220; type=&#8220;vc_default&#8220; margin_top=&#8220;60&#8243; margin_bottom=&#8220;-25&#8243; css=&#8220;.vc_custom_1490526318747{padding-bottom: 20px !important;}&#8220;][vc_column css_animation=&#8220;fadeInLeft&#8220; width=&#8220;1\/2&#8243; css=&#8220;.vc_custom_1548255515794{padding-bottom: 50px !important;}&#8220; offset=&#8220;vc_col-lg-offset-0 vc_col-md-offset-0 vc_col-sm-offset-0&#8243;]<style type=\"text\/css\" data-type=\"the7_shortcodes-inline-css\">.shortcode-single-image-wrap.shortcode-single-image-c0a160afe7c910a28f10b03361dc766a.enable-bg-rollover .rollover i,\n.shortcode-single-image-wrap.shortcode-single-image-c0a160afe7c910a28f10b03361dc766a.enable-bg-rollover .rollover-video i {\n  background: -webkit-linear-gradient();\n  background: linear-gradient();\n}\n.shortcode-single-image-wrap.shortcode-single-image-c0a160afe7c910a28f10b03361dc766a .rollover-icon {\n  font-size: 32px;\n  color: #ffffff;\n  min-width: 44px;\n  min-height: 44px;\n  line-height: 44px;\n  border-radius: 100px;\n  border-style: solid;\n  border-width: 0px;\n}\n.dt-icon-bg-on.shortcode-single-image-wrap.shortcode-single-image-c0a160afe7c910a28f10b03361dc766a .rollover-icon {\n  background: rgba(255,255,255,0.3);\n  box-shadow: none;\n}<\/style><div class=\"shortcode-single-image-wrap shortcode-single-image-c0a160afe7c910a28f10b03361dc766a alignnone  enable-bg-rollover dt-icon-bg-off\" style=\"margin-top:0px; margin-bottom:0px; margin-left:0px; margin-right:0px; width:700px;\"><div class=\"shortcode-single-image\"><div class=\"fancy-media-wrap  layzr-bg\" style=\"\"><img decoding=\"async\" class=\"preload-me lazy-load aspect\" src=\"data:image\/svg+xml,%3Csvg%20xmlns%3D&#39;http%3A%2F%2Fwww.w3.org%2F2000%2Fsvg&#39;%20viewBox%3D&#39;0%200%20700%20700&#39;%2F%3E\" data-src=\"https:\/\/www.maraloe.ch\/wp-content\/uploads\/2019\/02\/opportunita-per-tutti-700x700.jpg\" data-srcset=\"https:\/\/www.maraloe.ch\/wp-content\/uploads\/2019\/02\/opportunita-per-tutti-700x700.jpg 700w, https:\/\/www.maraloe.ch\/wp-content\/uploads\/2019\/02\/opportunita-per-tutti.jpg 1125w\" loading=\"eager\" sizes=\"(max-width: 700px) 100vw, 700px\" width=\"700\" height=\"700\"  data-dt-location=\"https:\/\/www.maraloe.ch\/de\/ueber-mich\/opportunita-per-tutti-2\/\" style=\"--ratio: 700 \/ 700;\" alt=\"\" \/><\/div><\/div><\/div>[\/vc_column][vc_column css_animation=&#8220;fadeInRight&#8220; width=&#8220;1\/2&#8243; css=&#8220;.vc_custom_1548255524467{padding-bottom: 50px !important;}&#8220;]<div id=\"ultimate-heading-187369f5d7b62a0b7\" class=\"uvc-heading ult-adjust-bottom-margin ultimate-heading-187369f5d7b62a0b7 uvc-7605 color-title accent-title-color\" data-hspacer=\"no_spacer\"  data-halign=\"left\" style=\"text-align:left\"><div class=\"uvc-heading-spacer no_spacer\" style=\"top\"><\/div><div class=\"uvc-main-heading ult-responsive\"  data-ultimate-target='.uvc-heading.ultimate-heading-187369f5d7b62a0b7 h2'  data-responsive-json-new='{\"font-size\":\"desktop:20px;\",\"line-height\":\"desktop:30px;\"}' ><h2 style=\"font-weight:bold;margin-bottom:5px;\">Forever<\/h2><\/div><div class=\"uvc-sub-heading ult-responsive\"  data-ultimate-target='.uvc-heading.ultimate-heading-187369f5d7b62a0b7 .uvc-sub-heading '  data-responsive-json-new='{\"font-size\":\"desktop:26px;\",\"line-height\":\"desktop:36px;\"}'  style=\"font-family:&#039;Source Sans Pro&#039;;font-weight:700;margin-bottom:30px;\">Eine Chance &#8211; f\u00fcr alle<\/div><\/div>[vc_column_text]Viele Freunde und Bekannte waren von diesen Ver\u00e4nderungen positiv \u00fcberrascht und wollten dieses einfache, aber sehr effektive Programm ausprobieren und selber erleben.<\/p>\n<p>Dies war somit beinahe zuf\u00e4llig der Beginn einer T\u00e4tigkeit, der ich seitdem mit Herz und Leidenschaft, Zielstrebigkeit und Professionalit\u00e4t nachgehe. Anderen helfen zu k\u00f6nnen, ist das Gr\u00f6\u00dfte!\u00a0All dies potenziert sich durch die gro\u00dfen beruflichen Wachstumschancen, die Forever bietet.\u00a0Meine Familie ist nicht in den Hintergrund getreten, sondern ist ein integraler Bestandteil meiner T\u00e4tigkeiten. T\u00e4glich erfahre ich gro\u00dfe Unterst\u00fctzung und bin sehr gl\u00fccklich und dankbar, endlich Beruf und Familie auf so wunderbare Weise vereinen zu k\u00f6nnen.[\/vc_column_text]<style type=\"text\/css\" data-type=\"the7_shortcodes-inline-css\">#default-btn-13b481f90b10a1a929ce32c5cce1e503.ico-right-side > i {\n  margin-right: 0px;\n  margin-left: 8px;\n}\n#default-btn-13b481f90b10a1a929ce32c5cce1e503 > i {\n  margin-right: 8px;\n}<\/style><a href=\"https:\/\/www.maraloe.ch\/de\/werde-teil-des-teams\/\" class=\"default-btn-shortcode dt-btn dt-btn-s link-hover-off btn-inline-left  vc_custom_1548237224751\" id=\"default-btn-13b481f90b10a1a929ce32c5cce1e503\"><span>Entdecke, wie du meinem Team beitreten kannst!<\/span><\/a>[\/vc_column][\/vc_row]<\/p>\n<\/div>","protected":false},"excerpt":{"rendered":"<p>[vc_row equal_height=&#8220;yes&#8220; content_placement=&#8220;middle&#8220; type=&#8220;vc_default&#8220; margin_top=&#8220;10&#8243; margin_bottom=&#8220;25&#8243; css=&#8220;.vc_custom_1490526340467{padding-top: 70px !important;padding-bottom: 20px !important;}&#8220;][vc_column css_animation=&#8220;fadeInLeft&#8220; width=&#8220;1\/2&#8243; css=&#8220;.vc_custom_1548255469643{padding-bottom: 50px !important;}&#8220; offset=&#8220;vc_col-lg-offset-0 vc_col-md-offset-0 vc_col-sm-offset-0&#8243;][\/vc_column][vc_column css_animation=&#8220;fadeInRight&#8220; width=&#8220;1\/2&#8243; css=&#8220;.vc_custom_1548255476105{padding-bottom: 50px !important;}&#8220;][vc_column_text css=&#8220;.vc_custom_1547210824810{padding-bottom: 30px !important;}&#8220;] Hallo! Mein Name ist Mara, ich bin gl\u00fccklich verheiratet mit meinem Mann Luca und Mutter von 3 wunderbaren Kindern: Denise, Mirko und Thomas.\u00a0Ich bin ausgebildete Pharma-Assistentin und habe&hellip;<\/p>\n","protected":false},"author":1,"featured_media":0,"parent":0,"menu_order":500,"comment_status":"closed","ping_status":"closed","template":"","meta":{"footnotes":""},"class_list":["post-2781","page","type-page","status-publish","hentry","description-off"],"yoast_head":"<!-- This site is optimized with the Yoast SEO plugin v27.5 - https:\/\/yoast.com\/product\/yoast-seo-wordpress\/ -->\n<title>Maraloe | Mara Guglielmin | Forever Living Products<\/title>\n<meta name=\"description\" content=\"Wie bei den meisten Lebensereignissen geschah auch das Treffen mit Forever fast zuf\u00e4llig f\u00fcr Mara, als sie ein Clean9-Detox-Programm (C9) ausprobierte.\" \/>\n<meta name=\"robots\" content=\"index, follow, max-snippet:-1, max-image-preview:large, max-video-preview:-1\" \/>\n<link rel=\"canonical\" href=\"https:\/\/www.maraloe.ch\/de\/ueber-mich\/\" \/>\n<meta property=\"og:locale\" content=\"de_DE\" \/>\n<meta property=\"og:type\" content=\"article\" \/>\n<meta property=\"og:title\" content=\"Maraloe | Mara Guglielmin | Forever Living Products\" \/>\n<meta property=\"og:description\" content=\"Wie bei den meisten Lebensereignissen geschah auch das Treffen mit Forever fast zuf\u00e4llig f\u00fcr Mara, als sie ein Clean9-Detox-Programm (C9) ausprobierte.\" \/>\n<meta property=\"og:url\" content=\"https:\/\/www.maraloe.ch\/de\/ueber-mich\/\" \/>\n<meta property=\"og:site_name\" content=\"Maraloe\" \/>\n<meta property=\"article:publisher\" content=\"https:\/\/www.facebook.com\/maraguglielminforever\/\" \/>\n<meta property=\"article:modified_time\" content=\"2019-03-15T09:35:56+00:00\" \/>\n<meta property=\"og:image\" content=\"https:\/\/www.maraloe.ch\/wp-content\/uploads\/2019\/03\/maraloe-facebook.jpg\" \/>\n\t<meta property=\"og:image:width\" content=\"1200\" \/>\n\t<meta property=\"og:image:height\" content=\"630\" \/>\n\t<meta property=\"og:image:type\" content=\"image\/jpeg\" \/>\n<meta name=\"twitter:card\" content=\"summary_large_image\" \/>\n<meta name=\"twitter:label1\" content=\"Gesch\u00e4tzte Lesezeit\" \/>\n\t<meta name=\"twitter:data1\" content=\"4\u00a0Minuten\" \/>\n<script type=\"application\/ld+json\" class=\"yoast-schema-graph\">{\"@context\":\"https:\\\/\\\/schema.org\",\"@graph\":[{\"@type\":\"WebPage\",\"@id\":\"https:\\\/\\\/www.maraloe.ch\\\/de\\\/ueber-mich\\\/\",\"url\":\"https:\\\/\\\/www.maraloe.ch\\\/de\\\/ueber-mich\\\/\",\"name\":\"Maraloe | Mara Guglielmin | Forever Living Products\",\"isPartOf\":{\"@id\":\"https:\\\/\\\/www.maraloe.ch\\\/de\\\/#website\"},\"datePublished\":\"2016-01-29T10:24:10+00:00\",\"dateModified\":\"2019-03-15T09:35:56+00:00\",\"description\":\"Wie bei den meisten Lebensereignissen geschah auch das Treffen mit Forever fast zuf\u00e4llig f\u00fcr Mara, als sie ein Clean9-Detox-Programm (C9) ausprobierte.\",\"breadcrumb\":{\"@id\":\"https:\\\/\\\/www.maraloe.ch\\\/de\\\/ueber-mich\\\/#breadcrumb\"},\"inLanguage\":\"de\",\"potentialAction\":[{\"@type\":\"ReadAction\",\"target\":[\"https:\\\/\\\/www.maraloe.ch\\\/de\\\/ueber-mich\\\/\"]}]},{\"@type\":\"BreadcrumbList\",\"@id\":\"https:\\\/\\\/www.maraloe.ch\\\/de\\\/ueber-mich\\\/#breadcrumb\",\"itemListElement\":[{\"@type\":\"ListItem\",\"position\":1,\"name\":\"Home\",\"item\":\"https:\\\/\\\/www.maraloe.ch\\\/de\\\/\"},{\"@type\":\"ListItem\",\"position\":2,\"name\":\"\u00dcber mich\"}]},{\"@type\":\"WebSite\",\"@id\":\"https:\\\/\\\/www.maraloe.ch\\\/de\\\/#website\",\"url\":\"https:\\\/\\\/www.maraloe.ch\\\/de\\\/\",\"name\":\"Maraloe\",\"description\":\"Forever Living Products\",\"publisher\":{\"@id\":\"https:\\\/\\\/www.maraloe.ch\\\/de\\\/#organization\"},\"potentialAction\":[{\"@type\":\"SearchAction\",\"target\":{\"@type\":\"EntryPoint\",\"urlTemplate\":\"https:\\\/\\\/www.maraloe.ch\\\/de\\\/?s={search_term_string}\"},\"query-input\":{\"@type\":\"PropertyValueSpecification\",\"valueRequired\":true,\"valueName\":\"search_term_string\"}}],\"inLanguage\":\"de\"},{\"@type\":\"Organization\",\"@id\":\"https:\\\/\\\/www.maraloe.ch\\\/de\\\/#organization\",\"name\":\"Maraloe\",\"url\":\"https:\\\/\\\/www.maraloe.ch\\\/de\\\/\",\"logo\":{\"@type\":\"ImageObject\",\"inLanguage\":\"de\",\"@id\":\"https:\\\/\\\/www.maraloe.ch\\\/de\\\/#\\\/schema\\\/logo\\\/image\\\/\",\"url\":\"https:\\\/\\\/www.maraloe.ch\\\/wp-content\\\/uploads\\\/2018\\\/12\\\/maraloe-logo-1x.png\",\"contentUrl\":\"https:\\\/\\\/www.maraloe.ch\\\/wp-content\\\/uploads\\\/2018\\\/12\\\/maraloe-logo-1x.png\",\"width\":304,\"height\":89,\"caption\":\"Maraloe\"},\"image\":{\"@id\":\"https:\\\/\\\/www.maraloe.ch\\\/de\\\/#\\\/schema\\\/logo\\\/image\\\/\"},\"sameAs\":[\"https:\\\/\\\/www.facebook.com\\\/maraguglielminforever\\\/\"]}]}<\/script>\n<!-- \/ Yoast SEO plugin. -->","yoast_head_json":{"title":"Maraloe | Mara Guglielmin | Forever Living Products","description":"Wie bei den meisten Lebensereignissen geschah auch das Treffen mit Forever fast zuf\u00e4llig f\u00fcr Mara, als sie ein Clean9-Detox-Programm (C9) ausprobierte.","robots":{"index":"index","follow":"follow","max-snippet":"max-snippet:-1","max-image-preview":"max-image-preview:large","max-video-preview":"max-video-preview:-1"},"canonical":"https:\/\/www.maraloe.ch\/de\/ueber-mich\/","og_locale":"de_DE","og_type":"article","og_title":"Maraloe | Mara Guglielmin | Forever Living Products","og_description":"Wie bei den meisten Lebensereignissen geschah auch das Treffen mit Forever fast zuf\u00e4llig f\u00fcr Mara, als sie ein Clean9-Detox-Programm (C9) ausprobierte.","og_url":"https:\/\/www.maraloe.ch\/de\/ueber-mich\/","og_site_name":"Maraloe","article_publisher":"https:\/\/www.facebook.com\/maraguglielminforever\/","article_modified_time":"2019-03-15T09:35:56+00:00","og_image":[{"width":1200,"height":630,"url":"https:\/\/www.maraloe.ch\/wp-content\/uploads\/2019\/03\/maraloe-facebook.jpg","type":"image\/jpeg"}],"twitter_card":"summary_large_image","twitter_misc":{"Gesch\u00e4tzte Lesezeit":"4\u00a0Minuten"},"schema":{"@context":"https:\/\/schema.org","@graph":[{"@type":"WebPage","@id":"https:\/\/www.maraloe.ch\/de\/ueber-mich\/","url":"https:\/\/www.maraloe.ch\/de\/ueber-mich\/","name":"Maraloe | Mara Guglielmin | Forever Living Products","isPartOf":{"@id":"https:\/\/www.maraloe.ch\/de\/#website"},"datePublished":"2016-01-29T10:24:10+00:00","dateModified":"2019-03-15T09:35:56+00:00","description":"Wie bei den meisten Lebensereignissen geschah auch das Treffen mit Forever fast zuf\u00e4llig f\u00fcr Mara, als sie ein Clean9-Detox-Programm (C9) ausprobierte.","breadcrumb":{"@id":"https:\/\/www.maraloe.ch\/de\/ueber-mich\/#breadcrumb"},"inLanguage":"de","potentialAction":[{"@type":"ReadAction","target":["https:\/\/www.maraloe.ch\/de\/ueber-mich\/"]}]},{"@type":"BreadcrumbList","@id":"https:\/\/www.maraloe.ch\/de\/ueber-mich\/#breadcrumb","itemListElement":[{"@type":"ListItem","position":1,"name":"Home","item":"https:\/\/www.maraloe.ch\/de\/"},{"@type":"ListItem","position":2,"name":"\u00dcber mich"}]},{"@type":"WebSite","@id":"https:\/\/www.maraloe.ch\/de\/#website","url":"https:\/\/www.maraloe.ch\/de\/","name":"Maraloe","description":"Forever Living Products","publisher":{"@id":"https:\/\/www.maraloe.ch\/de\/#organization"},"potentialAction":[{"@type":"SearchAction","target":{"@type":"EntryPoint","urlTemplate":"https:\/\/www.maraloe.ch\/de\/?s={search_term_string}"},"query-input":{"@type":"PropertyValueSpecification","valueRequired":true,"valueName":"search_term_string"}}],"inLanguage":"de"},{"@type":"Organization","@id":"https:\/\/www.maraloe.ch\/de\/#organization","name":"Maraloe","url":"https:\/\/www.maraloe.ch\/de\/","logo":{"@type":"ImageObject","inLanguage":"de","@id":"https:\/\/www.maraloe.ch\/de\/#\/schema\/logo\/image\/","url":"https:\/\/www.maraloe.ch\/wp-content\/uploads\/2018\/12\/maraloe-logo-1x.png","contentUrl":"https:\/\/www.maraloe.ch\/wp-content\/uploads\/2018\/12\/maraloe-logo-1x.png","width":304,"height":89,"caption":"Maraloe"},"image":{"@id":"https:\/\/www.maraloe.ch\/de\/#\/schema\/logo\/image\/"},"sameAs":["https:\/\/www.facebook.com\/maraguglielminforever\/"]}]}},"_links":{"self":[{"href":"https:\/\/www.maraloe.ch\/de\/wp-json\/wp\/v2\/pages\/2781","targetHints":{"allow":["GET"]}}],"collection":[{"href":"https:\/\/www.maraloe.ch\/de\/wp-json\/wp\/v2\/pages"}],"about":[{"href":"https:\/\/www.maraloe.ch\/de\/wp-json\/wp\/v2\/types\/page"}],"author":[{"embeddable":true,"href":"https:\/\/www.maraloe.ch\/de\/wp-json\/wp\/v2\/users\/1"}],"replies":[{"embeddable":true,"href":"https:\/\/www.maraloe.ch\/de\/wp-json\/wp\/v2\/comments?post=2781"}],"version-history":[{"count":1,"href":"https:\/\/www.maraloe.ch\/de\/wp-json\/wp\/v2\/pages\/2781\/revisions"}],"predecessor-version":[{"id":13871,"href":"https:\/\/www.maraloe.ch\/de\/wp-json\/wp\/v2\/pages\/2781\/revisions\/13871"}],"wp:attachment":[{"href":"https:\/\/www.maraloe.ch\/de\/wp-json\/wp\/v2\/media?parent=2781"}],"curies":[{"name":"wp","href":"https:\/\/api.w.org\/{rel}","templated":true}]}}